{"id":15476,"date":"2019-07-31T16:34:27","date_gmt":"2019-07-31T14:34:27","guid":{"rendered":"https:\/\/gaudiumetspes-blog.pl\/?page_id=15476"},"modified":"2019-08-02T21:49:43","modified_gmt":"2019-08-02T19:49:43","slug":"o-mnie","status":"publish","type":"page","link":"https:\/\/gaudiumetspes-blog.pl\/index.php\/o-mnie\/","title":{"rendered":"Autorzy"},"content":{"rendered":"<p>Witam serdecznie!<br \/>\n<img loading=\"lazy\" decoding=\"async\" class=\"alignright wp-image-14523 size-full\" src=\"https:\/\/gaudiumetspes-blog.pl\/wp-content\/uploads\/2019\/07\/avatar-JJ.jpg\" alt=\"\" width=\"224\" height=\"248\" \/>K\u0142ania si\u0119 Ks. Jacek Ja\u015bkowski. Nie jestem ani kim\u015b wa\u017cnym, ani kim\u015b znanym. Jestem ksi\u0119dzem, kt\u00f3ry po prostu chce rozmawia\u0107. Codzienna kap\u0142a\u0144ska pos\u0142uga pokazuje mi, \u017ce temat\u00f3w do rozm\u00f3w z ksi\u0119dzem jest coraz wi\u0119cej i dzisiaj \u017caden ksi\u0105dz nie mo\u017ce od nich ucieka\u0107, ale &#8211; wprost przeciwnie &#8211; podejmowa\u0107 nowe wyzwania. To przekonanie sk\u0142oni\u0142o mnie do pr\u00f3by otwarcia tego\u017c bloga, chocia\u017c okazji do rozm\u00f3w na co dzie\u0144 &#8211; w konfesjonale i poza nim &#8211; na szcz\u0119\u015bcie nie brakuje. My\u015bl\u0119 jednak, \u017ce ten blog b\u0119dzie jeszcze jednym sposobem i przestrzeni\u0105 nawi\u0105zania kontaktu z lud\u017ami dobrej woli, otwartymi na dialog.<\/p>\n<p>&nbsp;<\/p>\n<p><img loading=\"lazy\" decoding=\"async\" class=\"size-medium wp-image-15514 alignleft\" src=\"https:\/\/gaudiumetspes-blog.pl\/wp-content\/uploads\/2019\/08\/73914d81-03a2-41a3-a2c0-9e0651fc6189-300x214.jpg\" alt=\"\" width=\"300\" height=\"214\" srcset=\"https:\/\/gaudiumetspes-blog.pl\/wp-content\/uploads\/2019\/08\/73914d81-03a2-41a3-a2c0-9e0651fc6189-300x214.jpg 300w, https:\/\/gaudiumetspes-blog.pl\/wp-content\/uploads\/2019\/08\/73914d81-03a2-41a3-a2c0-9e0651fc6189-768x548.jpg 768w, https:\/\/gaudiumetspes-blog.pl\/wp-content\/uploads\/2019\/08\/73914d81-03a2-41a3-a2c0-9e0651fc6189.jpg 1024w, https:\/\/gaudiumetspes-blog.pl\/wp-content\/uploads\/2019\/08\/73914d81-03a2-41a3-a2c0-9e0651fc6189-720x513.jpg 720w, https:\/\/gaudiumetspes-blog.pl\/wp-content\/uploads\/2019\/08\/73914d81-03a2-41a3-a2c0-9e0651fc6189-580x413.jpg 580w, https:\/\/gaudiumetspes-blog.pl\/wp-content\/uploads\/2019\/08\/73914d81-03a2-41a3-a2c0-9e0651fc6189-320x228.jpg 320w\" sizes=\"auto, (max-width: 300px) 100vw, 300px\" \/><strong>Nazywam si\u0119 Ks. Marek Ja\u015bkowski<\/strong> i jestem Proboszczem Parafii \u015aw. J\u00f3zefa Robotnika w Surgucie i Parafii \u015aw. Paw\u0142a Aposto\u0142a w Nojabrsku. Moja Parafia to p\u00f3\u0142nocna cz\u0119\u015b\u0107 zachodniej Syberii \u2013 mo\u017cna powiedzie\u0107, \u017ce terytorialnie to prawie po\u0142owa Diecezji nowosybirskiej, jej p\u00f3\u0142nocna cz\u0119\u015b\u0107. Nasz Biskup okre\u015bli\u0142 kiedy\u015b, \u017ce jest to <strong>terytorialnie najwi\u0119ksza Parafia na \u015bwiecie! Terytorium Parafii jest czterokrotnie wi\u0119ksze od terytorium Polski!<\/strong><br \/>\nPrzez kilka lat by\u0142em jedynym rzymskokatolickim ksi\u0119dzem na tym terytorium, od wrze\u015bnia 2019 roku pos\u0142ug\u0119 podejmuje <strong>Wsp\u00f3\u0142pracownik, Ks. Pawe\u0142 Czelu\u015bci\u0144ski<\/strong>. W Parafii pos\u0142uguj\u0105 tak\u017ce <strong>dwie Siostry od Anio\u0142\u00f3w, S. Joann i S. Teresa.<\/strong><br \/>\nTerytorium naszej Parafii to Chanty-Mansyjski Autonomiczny Okr\u0119g i Jamalsko-Nieniecki Autonomiczny Okr\u0119g. Jest to terytorium, kt\u00f3re s\u0142ynie z wydobycia ropy i gazu. Wi\u0119kszo\u015b\u0107 ropy, wydobywanej w Rosji \u2013 wydobywa si\u0119 z terenu mojej Parafii. W zwi\u0105zku z tym, w ostatnich kilku dziesi\u0119cioleciach, przyby\u0142o mn\u00f3stwo ludzi w poszukiwaniu pracy.<br \/>\nNa tym terenie jest kilkana\u015bcie, a mo\u017ce i kilkadziesi\u0105t \u2013 cz\u0119sto nowych miast, w kt\u00f3rych osiedlaj\u0105 si\u0119 owi przyje\u017cd\u017caj\u0105cy ludzie. Odwiedzamy miasta: <strong>Jugorsk i Sowiecki<\/strong>, oddalone 650 km od Surgutu; <strong>Uraj<\/strong> \u2013 730 km; <strong>Niaga\u0144<\/strong> \u2013 600 km; <strong>Chanty-Mansyjsk<\/strong> \u2013 300 km. To kierunek po\u0142udniowo \u2013 zachodni. Natomiast na p\u00f3\u0142nocy odwiedzamy <strong>Nojabrsk<\/strong> \u2013 320 km i <strong>Koga\u0142ym<\/strong> \u2013 190 km, <strong>Gubkinskij<\/strong> \u2013 500 km; <strong>Tarko-Sale<\/strong> \u2013 600 km; <strong>Nowyj Urengoj<\/strong> \u2013 760 km. Je\u017adzimy te\u017c do Tiumenii, \u017ceby stamt\u0105d polecie\u0107 samolotem do <strong>Salechardu<\/strong>, na ko\u0142o podbiegunowe \u2013 ponad 1100 km w prostej linii \u2013 \u017ceby i tam odwiedzi\u0107 naszych Parafian, kt\u00f3rzy cz\u0119sto bior\u0105 urlop w pracy, aby spotka\u0107 si\u0119 z nami, uczestniczy\u0107 we Mszy \u015awi\u0119tej i w katechizacji. Do Salechardu nie ma drogi, mo\u017cna dotrze\u0107 tylko samolotem, albo (latem) statkiem.<br \/>\nWymienione miasta to tylko niekt\u00f3re z miejsc, kt\u00f3re odwiedzamy. W ca\u0142ej naszej Parafii mamy jeden ko\u015bci\u00f3\u0142 \u2013 w Surgucie \u2013 i jedn\u0105 kaplic\u0119, w Nojabrsku, w jednym z blok\u00f3w. W innych miejscach spotykamy si\u0119 w mieszkaniach Parafian. Ludzie jednak cz\u0119sto kr\u0119puj\u0105 si\u0119 przychodzi\u0107 do kogo\u015b, do domu. A Parafia najbardziej rozwija si\u0119 tam, gdzie jest \u015bwi\u0105tynia.<br \/>\nOstatnio kupili\u015bmy dom na kaplic\u0119 w Koga\u0142ymie. Konieczny jest tam jednak gruntowny remont, kt\u00f3ry aktualnie prowadzimy. Nast\u0119pnym miejscem oczekuj\u0105cym na swoj\u0105 \u015bwi\u0105tyni\u0119 &#8211; kaplic\u0119 jest Chanty-Mansyjsk.<br \/>\nDramatycznie potrzeba tu ksi\u0119\u017cy! \u017beby kr\u00f3lestwo Bo\u017ce mog\u0142o wzrasta\u0107 w sercach ludzi, musz\u0105 mie\u0107 oni cz\u0119stszy dost\u0119p do Sakrament\u00f3w. Na terenie naszej Parafii mieszka jakie\u015b 2,5 miliona ludzi, w samym Surgucie \u2013 350 tysi\u0119cy. A tylko dw\u00f3ch Ksi\u0119\u017cy i dwie Siostry.<\/p>\n<p><strong>Prosimy Was zatem o dwojak\u0105 pomoc:<\/strong><br \/>\n<strong>Modlitwa<\/strong> \u2013 to najwa\u017cniejsze! Prosz\u0119 Was, pom\u00f3dlcie si\u0119 za nasz\u0105 Parafi\u0119 przynajmniej dziesi\u0105tkiem R\u00f3\u017ca\u0144ca, a potem pom\u00f3dlcie si\u0119 przez wstawiennictwo naszych \u015awi\u0119tych Patron\u00f3w: Matki Bo\u017cej Fatimskiej, \u015aw. J\u00f3zefa Robotnika, \u015aw. Paw\u0142a Aposto\u0142a, \u015aw. Jana Paw\u0142a II, Micha\u0142a Archanio\u0142a i Anio\u0142\u00f3w Str\u00f3\u017c\u00f3w.<br \/>\n<strong>Ofiara<\/strong> \u2013 materialna pomoc tak\u017ce jest nam niezmiernie potrzebna ze wzgl\u0119du na budow\u0119 domu parafialnego w Surgucie, remont domu na kaplic\u0119 w Koga\u0142ymie, oraz organizowanie spotka\u0144 wsp\u00f3lnot i miejsc modlitwy w wielu innych miastach.<\/p>\n<p><strong>Wszystkim Darczy\u0144com z serca dzi\u0119kujemy i obiecujemy modlitw\u0119!<\/strong><\/p>\n<p><strong>Niech Was b\u0142ogos\u0142awi B\u00f3g Wszechmog\u0105cy: Ojciec + i Syn, i Duch \u015awi\u0119ty. Amen<\/strong><\/p>\n<p>o.marek@mail.ru<\/p>\n<p>www.catholicsurgut.ru<\/p>\n<p>Dane do przelewu:<br \/>\n<strong>Marek Ja\u015bkowski<\/strong><br \/>\n<strong>ul. K\u0105pielowa 19\/2<\/strong><br \/>\n<strong>21-500 Bia\u0142a Podlaska<\/strong><\/p>\n<p>Nr konta: <strong>50 1020 5558 1111 1548 2400 0027<\/strong><\/p>\n","protected":false},"excerpt":{"rendered":"<p>Witam serdecznie! K\u0142ania si\u0119 Ks. Jacek Ja\u015bkowski. Nie jestem ani kim\u015b wa\u017cnym, ani kim\u015b znanym. Jestem ksi\u0119dzem, kt\u00f3ry po prostu chce rozmawia\u0107. Codzienna kap\u0142a\u0144ska pos\u0142uga pokazuje mi, \u017ce temat\u00f3w do rozm\u00f3w z ksi\u0119dzem jest coraz wi\u0119cej i dzisiaj \u017caden ksi\u0105dz nie mo\u017ce od nich ucieka\u0107, ale &#8211; wprost przeciwnie &#8211; podejmowa\u0107 nowe wyzwania. To przekonanie [&hellip;]<\/p>\n","protected":false},"author":2,"featured_media":0,"parent":0,"menu_order":0,"comment_status":"closed","ping_status":"closed","template":"","meta":{"jetpack_post_was_ever_published":false,"footnotes":""},"class_list":["post-15476","page","type-page","status-publish","hentry"],"yoast_head":"<!-- This site is optimized with the Yoast SEO plugin v25.1 - https:\/\/yoast.com\/wordpress\/plugins\/seo\/ -->\n<title>Autorzy - Gaudium Et Spes<\/title>\n<meta name=\"robots\" content=\"index, follow, max-snippet:-1, max-image-preview:large, max-video-preview:-1\" \/>\n<link rel=\"canonical\" href=\"https:\/\/gaudiumetspes-blog.pl\/index.php\/o-mnie\/\" \/>\n<meta property=\"og:locale\" content=\"pl_PL\" \/>\n<meta property=\"og:type\" content=\"article\" \/>\n<meta property=\"og:title\" content=\"Autorzy - Gaudium Et Spes\" \/>\n<meta property=\"og:description\" content=\"Witam serdecznie! K\u0142ania si\u0119 Ks. Jacek Ja\u015bkowski. Nie jestem ani kim\u015b wa\u017cnym, ani kim\u015b znanym. Jestem ksi\u0119dzem, kt\u00f3ry po prostu chce rozmawia\u0107. Codzienna kap\u0142a\u0144ska pos\u0142uga pokazuje mi, \u017ce temat\u00f3w do rozm\u00f3w z ksi\u0119dzem jest coraz wi\u0119cej i dzisiaj \u017caden ksi\u0105dz nie mo\u017ce od nich ucieka\u0107, ale &#8211; wprost przeciwnie &#8211; podejmowa\u0107 nowe wyzwania. To przekonanie [&hellip;]\" \/>\n<meta property=\"og:url\" content=\"https:\/\/gaudiumetspes-blog.pl\/index.php\/o-mnie\/\" \/>\n<meta property=\"og:site_name\" content=\"Gaudium Et Spes\" \/>\n<meta property=\"article:modified_time\" content=\"2019-08-02T19:49:43+00:00\" \/>\n<meta property=\"og:image\" content=\"https:\/\/gaudiumetspes-blog.pl\/wp-content\/uploads\/2019\/07\/avatar-JJ.jpg\" \/>\n<meta name=\"twitter:card\" content=\"summary_large_image\" \/>\n<meta name=\"twitter:label1\" content=\"Szacowany czas czytania\" \/>\n\t<meta name=\"twitter:data1\" content=\"4 minuty\" \/>\n<script type=\"application\/ld+json\" class=\"yoast-schema-graph\">{\"@context\":\"https:\/\/schema.org\",\"@graph\":[{\"@type\":\"WebPage\",\"@id\":\"https:\/\/gaudiumetspes-blog.pl\/index.php\/o-mnie\/\",\"url\":\"https:\/\/gaudiumetspes-blog.pl\/index.php\/o-mnie\/\",\"name\":\"Autorzy - Gaudium Et Spes\",\"isPartOf\":{\"@id\":\"https:\/\/gaudiumetspes-blog.pl\/#website\"},\"primaryImageOfPage\":{\"@id\":\"https:\/\/gaudiumetspes-blog.pl\/index.php\/o-mnie\/#primaryimage\"},\"image\":{\"@id\":\"https:\/\/gaudiumetspes-blog.pl\/index.php\/o-mnie\/#primaryimage\"},\"thumbnailUrl\":\"https:\/\/gaudiumetspes-blog.pl\/wp-content\/uploads\/2019\/07\/avatar-JJ.jpg\",\"datePublished\":\"2019-07-31T14:34:27+00:00\",\"dateModified\":\"2019-08-02T19:49:43+00:00\",\"breadcrumb\":{\"@id\":\"https:\/\/gaudiumetspes-blog.pl\/index.php\/o-mnie\/#breadcrumb\"},\"inLanguage\":\"pl-PL\",\"potentialAction\":[{\"@type\":\"ReadAction\",\"target\":[\"https:\/\/gaudiumetspes-blog.pl\/index.php\/o-mnie\/\"]}]},{\"@type\":\"ImageObject\",\"inLanguage\":\"pl-PL\",\"@id\":\"https:\/\/gaudiumetspes-blog.pl\/index.php\/o-mnie\/#primaryimage\",\"url\":\"https:\/\/gaudiumetspes-blog.pl\/wp-content\/uploads\/2019\/07\/avatar-JJ.jpg\",\"contentUrl\":\"https:\/\/gaudiumetspes-blog.pl\/wp-content\/uploads\/2019\/07\/avatar-JJ.jpg\",\"width\":224,\"height\":248},{\"@type\":\"BreadcrumbList\",\"@id\":\"https:\/\/gaudiumetspes-blog.pl\/index.php\/o-mnie\/#breadcrumb\",\"itemListElement\":[{\"@type\":\"ListItem\",\"position\":1,\"name\":\"Strona g\u0142\u00f3wna\",\"item\":\"https:\/\/gaudiumetspes-blog.pl\/\"},{\"@type\":\"ListItem\",\"position\":2,\"name\":\"Autorzy\"}]},{\"@type\":\"WebSite\",\"@id\":\"https:\/\/gaudiumetspes-blog.pl\/#website\",\"url\":\"https:\/\/gaudiumetspes-blog.pl\/\",\"name\":\"Gaudium Et Spes\",\"description\":\"Blog Ks. Jacka Ja\u015bkowskiego\",\"potentialAction\":[{\"@type\":\"SearchAction\",\"target\":{\"@type\":\"EntryPoint\",\"urlTemplate\":\"https:\/\/gaudiumetspes-blog.pl\/?s={search_term_string}\"},\"query-input\":{\"@type\":\"PropertyValueSpecification\",\"valueRequired\":true,\"valueName\":\"search_term_string\"}}],\"inLanguage\":\"pl-PL\"}]}<\/script>\n<!-- \/ Yoast SEO plugin. -->","yoast_head_json":{"title":"Autorzy - Gaudium Et Spes","robots":{"index":"index","follow":"follow","max-snippet":"max-snippet:-1","max-image-preview":"max-image-preview:large","max-video-preview":"max-video-preview:-1"},"canonical":"https:\/\/gaudiumetspes-blog.pl\/index.php\/o-mnie\/","og_locale":"pl_PL","og_type":"article","og_title":"Autorzy - Gaudium Et Spes","og_description":"Witam serdecznie! K\u0142ania si\u0119 Ks. Jacek Ja\u015bkowski. Nie jestem ani kim\u015b wa\u017cnym, ani kim\u015b znanym. Jestem ksi\u0119dzem, kt\u00f3ry po prostu chce rozmawia\u0107. Codzienna kap\u0142a\u0144ska pos\u0142uga pokazuje mi, \u017ce temat\u00f3w do rozm\u00f3w z ksi\u0119dzem jest coraz wi\u0119cej i dzisiaj \u017caden ksi\u0105dz nie mo\u017ce od nich ucieka\u0107, ale &#8211; wprost przeciwnie &#8211; podejmowa\u0107 nowe wyzwania. To przekonanie [&hellip;]","og_url":"https:\/\/gaudiumetspes-blog.pl\/index.php\/o-mnie\/","og_site_name":"Gaudium Et Spes","article_modified_time":"2019-08-02T19:49:43+00:00","og_image":[{"url":"https:\/\/gaudiumetspes-blog.pl\/wp-content\/uploads\/2019\/07\/avatar-JJ.jpg","type":"","width":"","height":""}],"twitter_card":"summary_large_image","twitter_misc":{"Szacowany czas czytania":"4 minuty"},"schema":{"@context":"https:\/\/schema.org","@graph":[{"@type":"WebPage","@id":"https:\/\/gaudiumetspes-blog.pl\/index.php\/o-mnie\/","url":"https:\/\/gaudiumetspes-blog.pl\/index.php\/o-mnie\/","name":"Autorzy - Gaudium Et Spes","isPartOf":{"@id":"https:\/\/gaudiumetspes-blog.pl\/#website"},"primaryImageOfPage":{"@id":"https:\/\/gaudiumetspes-blog.pl\/index.php\/o-mnie\/#primaryimage"},"image":{"@id":"https:\/\/gaudiumetspes-blog.pl\/index.php\/o-mnie\/#primaryimage"},"thumbnailUrl":"https:\/\/gaudiumetspes-blog.pl\/wp-content\/uploads\/2019\/07\/avatar-JJ.jpg","datePublished":"2019-07-31T14:34:27+00:00","dateModified":"2019-08-02T19:49:43+00:00","breadcrumb":{"@id":"https:\/\/gaudiumetspes-blog.pl\/index.php\/o-mnie\/#breadcrumb"},"inLanguage":"pl-PL","potentialAction":[{"@type":"ReadAction","target":["https:\/\/gaudiumetspes-blog.pl\/index.php\/o-mnie\/"]}]},{"@type":"ImageObject","inLanguage":"pl-PL","@id":"https:\/\/gaudiumetspes-blog.pl\/index.php\/o-mnie\/#primaryimage","url":"https:\/\/gaudiumetspes-blog.pl\/wp-content\/uploads\/2019\/07\/avatar-JJ.jpg","contentUrl":"https:\/\/gaudiumetspes-blog.pl\/wp-content\/uploads\/2019\/07\/avatar-JJ.jpg","width":224,"height":248},{"@type":"BreadcrumbList","@id":"https:\/\/gaudiumetspes-blog.pl\/index.php\/o-mnie\/#breadcrumb","itemListElement":[{"@type":"ListItem","position":1,"name":"Strona g\u0142\u00f3wna","item":"https:\/\/gaudiumetspes-blog.pl\/"},{"@type":"ListItem","position":2,"name":"Autorzy"}]},{"@type":"WebSite","@id":"https:\/\/gaudiumetspes-blog.pl\/#website","url":"https:\/\/gaudiumetspes-blog.pl\/","name":"Gaudium Et Spes","description":"Blog Ks. Jacka Ja\u015bkowskiego","potentialAction":[{"@type":"SearchAction","target":{"@type":"EntryPoint","urlTemplate":"https:\/\/gaudiumetspes-blog.pl\/?s={search_term_string}"},"query-input":{"@type":"PropertyValueSpecification","valueRequired":true,"valueName":"search_term_string"}}],"inLanguage":"pl-PL"}]}},"jetpack_sharing_enabled":true,"_links":{"self":[{"href":"https:\/\/gaudiumetspes-blog.pl\/index.php\/wp-json\/wp\/v2\/pages\/15476","targetHints":{"allow":["GET"]}}],"collection":[{"href":"https:\/\/gaudiumetspes-blog.pl\/index.php\/wp-json\/wp\/v2\/pages"}],"about":[{"href":"https:\/\/gaudiumetspes-blog.pl\/index.php\/wp-json\/wp\/v2\/types\/page"}],"author":[{"embeddable":true,"href":"https:\/\/gaudiumetspes-blog.pl\/index.php\/wp-json\/wp\/v2\/users\/2"}],"replies":[{"embeddable":true,"href":"https:\/\/gaudiumetspes-blog.pl\/index.php\/wp-json\/wp\/v2\/comments?post=15476"}],"version-history":[{"count":5,"href":"https:\/\/gaudiumetspes-blog.pl\/index.php\/wp-json\/wp\/v2\/pages\/15476\/revisions"}],"predecessor-version":[{"id":15528,"href":"https:\/\/gaudiumetspes-blog.pl\/index.php\/wp-json\/wp\/v2\/pages\/15476\/revisions\/15528"}],"wp:attachment":[{"href":"https:\/\/gaudiumetspes-blog.pl\/index.php\/wp-json\/wp\/v2\/media?parent=15476"}],"curies":[{"name":"wp","href":"https:\/\/api.w.org\/{rel}","templated":true}]}}