{"id":2821,"date":"2017-04-11T05:37:00","date_gmt":"2017-04-11T03:37:00","guid":{"rendered":"https:\/\/gaudiumetspes-blog.pl\/index.php\/ksiega-intencji\/"},"modified":"2025-07-13T01:19:29","modified_gmt":"2025-07-12T23:19:29","slug":"ksiega-intencji","status":"publish","type":"page","link":"https:\/\/gaudiumetspes-blog.pl\/index.php\/ksiega-intencji\/","title":{"rendered":"Wielka Ksi\u0119ga Intencji"},"content":{"rendered":"<p align=\"justify\"><span style=\"color: #000000;\">\u25ba<\/span>O &#8222;wiosn\u0119&#8221; Ko\u015bcio\u0142a na \u015bwiecie i w sercach ludzi, szczeg\u00f3lnie m\u0142odych.<\/p>\n<p align=\"justify\"><span style=\"color: #000000;\">\u25ba<\/span>O ratunek, pok\u00f3j i opami\u0119tanie dla \u015bwiata &#8211; o nawr\u00f3cenie \u015bwiata i Bo\u017ce zmi\u0142owanie nad nim.<\/p>\n<p align=\"justify\"><span style=\"color: #000000;\">\u25ba<\/span>O pok\u00f3j na \u015bwiecie &#8211; zar\u00f3wno w tych krajach, o kt\u00f3rych cierpieniu g\u0142o\u015bno jest w mediach, jak i tych, kt\u00f3re te\u017c cierpi\u0105, w kt\u00f3rych krew si\u0119 leje i krzywda ludzka dokonuje si\u0119 na ka\u017cdym kroku, ale \u015bwiat o nich zapomnia\u0142 i media milcz\u0105, bo nie licz\u0105 si\u0119 one na arenie mi\u0119dzynarodowej &#8211; o pok\u00f3j w ka\u017cdym ludzkim sercu.<\/p>\n<p align=\"justify\"><span style=\"color: #000000;\">\u25ba<\/span>O powr\u00f3t Europy do chrze\u015bcija\u0144skich korzeni i zablokowanie wszelkich niemoralnych dzia\u0142a\u0144, a je\u015bli nie ma innego rozwi\u0105zania &#8211; to o jak najszybsze rozwi\u0105zanie Unii Europejskiej jako struktury skorumpowanej, zdeprawowanej, zdemoralizowanej i z\u0142ej do szpiku ko\u015bci.<\/p>\n<p align=\"justify\"><span style=\"color: #000000;\">\u25ba<\/span>O Bo\u017c\u0105 opiek\u0119 nad Ojczyzn\u0105 &#8211; aby Polacy zacz\u0119li wreszcie m\u0105drze korzysta\u0107 z wolno\u015bci.<\/p>\n<p align=\"justify\"><span style=\"color: #000000;\">\u25ba<\/span>W intencji M\u0142odzie\u017cy &#8211; by zawsze znajdowa\u0142a dla siebie miejsce w Ko\u015bciele i nigdy nie odchodzi\u0142a od Boga, a dla tej, kt\u00f3ra odesz\u0142a: o ponowne zaufanie Bogu i Ko\u015bcio\u0142owi; oraz aby M\u0142odzie\u017c nie ulega\u0142a medialnym manipulacjom, fa\u0142szuj\u0105cym obraz Ko\u015bcio\u0142a.<\/p>\n<p align=\"justify\"><span style=\"color: #000000;\">\u25ba<\/span>O nowe, \u015bwi\u0119te, odwa\u017cne, charyzmatyczne powo\u0142ania do kap\u0142a\u0144stwa i \u017cycia zakonnego &#8211; w ca\u0142ej naszej Ojczy\u017anie i w ca\u0142ym Ko\u015bciele.<\/p>\n<p align=\"justify\"><span style=\"color: #000000;\">\u25ba<\/span>O \u015bwi\u0119to\u015b\u0107 i gorliwo\u015b\u0107 dla Kap\u0142an\u00f3w, Os\u00f3b zakonnych i powo\u0142anych do szczeg\u00f3lnej s\u0142u\u017cby Ko\u015bcio\u0142owi, oraz o odbudowanie zapa\u0142u dla prze\u017cywaj\u0105cych kryzys powo\u0142ania.<\/p>\n<p align=\"justify\"><span style=\"color: #000000;\">\u25ba<\/span>O dialog, oparty na zasadach Ewangelii, pomi\u0119dzy biskupami a kap\u0142anami, pomi\u0119dzy kap\u0142anami we w\u0142asnym gronie, oraz pomi\u0119dzy duchowie\u0144stwem a wiernymi &#8211; o umiej\u0119tno\u015b\u0107 wzajemnego s\u0142uchania si\u0119 oraz o to, aby zasad\u0119 pos\u0142usze\u0144stwa traktowano jako wzajemn\u0105 relacj\u0119 mi\u0142o\u015bci, s\u0142u\u017c\u0105c\u0105 dobru Ko\u015bcio\u0142a, a nie bezwzgl\u0119dne feudalne podda\u0144stwo, prowadz\u0105ce do zamordyzmu.<\/p>\n<p align=\"justify\"><span style=\"color: #000000;\">\u25ba<\/span>O wszelkie Bo\u017ce b\u0142ogos\u0142awie\u0144stwo dla ca\u0142ej naszej blogowej Rodziny.<\/p>\n<p align=\"justify\"><span style=\"color: #000000;\">\u25ba<\/span>O \u015bwi\u0119to\u015b\u0107 dla naszych Rodzin &#8211; by by\u0142y Bogiem silne i stawa\u0142y si\u0119 coraz bardziej domowymi Ko\u015bcio\u0142ami.<\/p>\n<p align=\"justify\"><span style=\"color: #000000;\">\u25ba<\/span>O pok\u00f3j wieczny dla Teresy i Miros\u0142awa Mu\u0107k\u00f3w, o wsparcie i nadziej\u0119 dla Leszka i Marcina.<\/p>\n<p align=\"justify\"><span style=\"color: #000000;\">\u25ba<\/span>O zbawienie wieczne dla wszystkich Zmar\u0142ych.<\/p>\n<p align=\"justify\"><span style=\"color: #000000;\">\u25ba<\/span>O o\u017cywienie Duszpasterstwa Akademickiego w Siedlcach &#8211; i na wszystkich polskich Uczelniach.<\/p>\n<p align=\"justify\"><span style=\"color: #000000;\">\u25ba<\/span>O duchow\u0105 odnow\u0119 i mocn\u0105 wi\u0119\u017a z Chrystusem dla ca\u0142ego \u015arodowiska Akademickiego.<\/p>\n<p align=\"justify\"><span style=\"color: #000000;\">\u25ba<\/span>Za wszystkich Uczestnik\u00f3w inicjatywy modlitewnej GIGANTYCZNY SZTURM DO NIEBA w intencji \u015arodowiska Akademickiego, Duszpasterstwa Akademickiego i M\u0142odzie\u017cy w Ko\u015bciele &#8211; o wytrwa\u0142o\u015b\u0107 w modlitwie i w \u015bwiadectwie.<\/p>\n<p align=\"justify\"><span style=\"color: #000000;\">\u25ba<\/span>Dla Anny &#8211; o potrzebne dary Ducha \u015awi\u0119tego i umiej\u0119tno\u015b\u0107 s\u0142u\u017cenia nimi Bogu, Ko\u015bcio\u0142owi i Rodzinie.<\/p>\n<p align=\"justify\"><span style=\"color: #000000;\">\u25ba<\/span>O Bo\u017ce b\u0142ogos\u0142awie\u0144stwo dla Ksi\u0119dza Marka w Jego pos\u0142udze na Syberii; dla Jego Ekipy i ca\u0142ej Parafii.<\/p>\n<p align=\"justify\"><span style=\"color: #000000;\">\u25ba<\/span>Dla Micha\u0142a i Krzysztofa &#8211; o siln\u0105 wiar\u0119 i trwanie przy Chrystusie oraz o jak najlepsze relacje z Rodzicami.<\/p>\n<p align=\"justify\"><span style=\"color: #000000;\">\u25ba<\/span>O wszelkie Bo\u017ce \u0142aski, \u015bwiat\u0142o i natchnienia Ducha \u015awi\u0119tego, opiek\u0119 Maryi i wszystkich \u015awi\u0119tych dla Wojciecha, o uzdrowienie Go ze wszystkich chor\u00f3b duchowych i fizycznych, o opiek\u0119 Bo\u017c\u0105 nad ca\u0142\u0105 Rodzin\u0105 i o pok\u00f3j wieczny dla Edwarda.<\/p>\n<p align=\"justify\"><span style=\"color: #000000;\">\u25baO Bo\u017ce b\u0142ogos\u0142awie\u0144stwo, moc Jezusa, \u015bwiat\u0142o Ducha \u015awi\u0119tego oraz opiek\u0119 Matki Bo\u017cej i wszystkich \u015awi\u0119tych, o wszelkie dobro i zdrowie dla Rodziny Olendr\u00f3w i Aleksandrowicz\u00f3w. <\/span><\/p>\n<p align=\"justify\"><span style=\"color: #000000;\">\u25baO wype\u0142nianie woli Bo\u017cej ka\u017cdego dnia dla wszystkich Cz\u0142onk\u00f3w Rodziny Anny, a dla Zmar\u0142ych, oczekuj\u0105cych w czy\u015b\u0107cu &#8211; o \u017cycie wieczne w Kr\u00f3lestwie niebieskim.<\/span><\/p>\n","protected":false},"excerpt":{"rendered":"<p>\u25baO &#8222;wiosn\u0119&#8221; Ko\u015bcio\u0142a na \u015bwiecie i w sercach ludzi, szczeg\u00f3lnie m\u0142odych. \u25baO ratunek, pok\u00f3j i opami\u0119tanie dla \u015bwiata &#8211; o nawr\u00f3cenie \u015bwiata i Bo\u017ce zmi\u0142owanie nad nim. \u25baO pok\u00f3j na \u015bwiecie &#8211; zar\u00f3wno w tych krajach, o kt\u00f3rych cierpieniu g\u0142o\u015bno jest w mediach, jak i tych, kt\u00f3re te\u017c cierpi\u0105, w kt\u00f3rych krew si\u0119 leje i [&hellip;]<\/p>\n","protected":false},"author":1,"featured_media":0,"parent":0,"menu_order":0,"comment_status":"closed","ping_status":"closed","template":"","meta":{"jetpack_post_was_ever_published":false,"footnotes":""},"class_list":["post-2821","page","type-page","status-publish","hentry"],"yoast_head":"<!-- This site is optimized with the Yoast SEO plugin v25.1 - https:\/\/yoast.com\/wordpress\/plugins\/seo\/ -->\n<title>Wielka Ksi\u0119ga Intencji - Gaudium Et Spes<\/title>\n<meta name=\"robots\" content=\"index, follow, max-snippet:-1, max-image-preview:large, max-video-preview:-1\" \/>\n<link rel=\"canonical\" href=\"https:\/\/gaudiumetspes-blog.pl\/index.php\/ksiega-intencji\/\" \/>\n<meta property=\"og:locale\" content=\"pl_PL\" \/>\n<meta property=\"og:type\" content=\"article\" \/>\n<meta property=\"og:title\" content=\"Wielka Ksi\u0119ga Intencji - Gaudium Et Spes\" \/>\n<meta property=\"og:description\" content=\"\u25baO &#8222;wiosn\u0119&#8221; Ko\u015bcio\u0142a na \u015bwiecie i w sercach ludzi, szczeg\u00f3lnie m\u0142odych. \u25baO ratunek, pok\u00f3j i opami\u0119tanie dla \u015bwiata &#8211; o nawr\u00f3cenie \u015bwiata i Bo\u017ce zmi\u0142owanie nad nim. \u25baO pok\u00f3j na \u015bwiecie &#8211; zar\u00f3wno w tych krajach, o kt\u00f3rych cierpieniu g\u0142o\u015bno jest w mediach, jak i tych, kt\u00f3re te\u017c cierpi\u0105, w kt\u00f3rych krew si\u0119 leje i [&hellip;]\" \/>\n<meta property=\"og:url\" content=\"https:\/\/gaudiumetspes-blog.pl\/index.php\/ksiega-intencji\/\" \/>\n<meta property=\"og:site_name\" content=\"Gaudium Et Spes\" \/>\n<meta property=\"article:modified_time\" content=\"2025-07-12T23:19:29+00:00\" \/>\n<meta name=\"twitter:card\" content=\"summary_large_image\" \/>\n<meta name=\"twitter:label1\" content=\"Szacowany czas czytania\" \/>\n\t<meta name=\"twitter:data1\" content=\"4 minuty\" \/>\n<script type=\"application\/ld+json\" class=\"yoast-schema-graph\">{\"@context\":\"https:\/\/schema.org\",\"@graph\":[{\"@type\":\"WebPage\",\"@id\":\"https:\/\/gaudiumetspes-blog.pl\/index.php\/ksiega-intencji\/\",\"url\":\"https:\/\/gaudiumetspes-blog.pl\/index.php\/ksiega-intencji\/\",\"name\":\"Wielka Ksi\u0119ga Intencji - Gaudium Et Spes\",\"isPartOf\":{\"@id\":\"https:\/\/gaudiumetspes-blog.pl\/#website\"},\"datePublished\":\"2017-04-11T03:37:00+00:00\",\"dateModified\":\"2025-07-12T23:19:29+00:00\",\"breadcrumb\":{\"@id\":\"https:\/\/gaudiumetspes-blog.pl\/index.php\/ksiega-intencji\/#breadcrumb\"},\"inLanguage\":\"pl-PL\",\"potentialAction\":[{\"@type\":\"ReadAction\",\"target\":[\"https:\/\/gaudiumetspes-blog.pl\/index.php\/ksiega-intencji\/\"]}]},{\"@type\":\"BreadcrumbList\",\"@id\":\"https:\/\/gaudiumetspes-blog.pl\/index.php\/ksiega-intencji\/#breadcrumb\",\"itemListElement\":[{\"@type\":\"ListItem\",\"position\":1,\"name\":\"Strona g\u0142\u00f3wna\",\"item\":\"https:\/\/gaudiumetspes-blog.pl\/\"},{\"@type\":\"ListItem\",\"position\":2,\"name\":\"Wielka Ksi\u0119ga Intencji\"}]},{\"@type\":\"WebSite\",\"@id\":\"https:\/\/gaudiumetspes-blog.pl\/#website\",\"url\":\"https:\/\/gaudiumetspes-blog.pl\/\",\"name\":\"Gaudium Et Spes\",\"description\":\"Blog Ks. Jacka Ja\u015bkowskiego\",\"potentialAction\":[{\"@type\":\"SearchAction\",\"target\":{\"@type\":\"EntryPoint\",\"urlTemplate\":\"https:\/\/gaudiumetspes-blog.pl\/?s={search_term_string}\"},\"query-input\":{\"@type\":\"PropertyValueSpecification\",\"valueRequired\":true,\"valueName\":\"search_term_string\"}}],\"inLanguage\":\"pl-PL\"}]}<\/script>\n<!-- \/ Yoast SEO plugin. -->","yoast_head_json":{"title":"Wielka Ksi\u0119ga Intencji - Gaudium Et Spes","robots":{"index":"index","follow":"follow","max-snippet":"max-snippet:-1","max-image-preview":"max-image-preview:large","max-video-preview":"max-video-preview:-1"},"canonical":"https:\/\/gaudiumetspes-blog.pl\/index.php\/ksiega-intencji\/","og_locale":"pl_PL","og_type":"article","og_title":"Wielka Ksi\u0119ga Intencji - Gaudium Et Spes","og_description":"\u25baO &#8222;wiosn\u0119&#8221; Ko\u015bcio\u0142a na \u015bwiecie i w sercach ludzi, szczeg\u00f3lnie m\u0142odych. \u25baO ratunek, pok\u00f3j i opami\u0119tanie dla \u015bwiata &#8211; o nawr\u00f3cenie \u015bwiata i Bo\u017ce zmi\u0142owanie nad nim. \u25baO pok\u00f3j na \u015bwiecie &#8211; zar\u00f3wno w tych krajach, o kt\u00f3rych cierpieniu g\u0142o\u015bno jest w mediach, jak i tych, kt\u00f3re te\u017c cierpi\u0105, w kt\u00f3rych krew si\u0119 leje i [&hellip;]","og_url":"https:\/\/gaudiumetspes-blog.pl\/index.php\/ksiega-intencji\/","og_site_name":"Gaudium Et Spes","article_modified_time":"2025-07-12T23:19:29+00:00","twitter_card":"summary_large_image","twitter_misc":{"Szacowany czas czytania":"4 minuty"},"schema":{"@context":"https:\/\/schema.org","@graph":[{"@type":"WebPage","@id":"https:\/\/gaudiumetspes-blog.pl\/index.php\/ksiega-intencji\/","url":"https:\/\/gaudiumetspes-blog.pl\/index.php\/ksiega-intencji\/","name":"Wielka Ksi\u0119ga Intencji - Gaudium Et Spes","isPartOf":{"@id":"https:\/\/gaudiumetspes-blog.pl\/#website"},"datePublished":"2017-04-11T03:37:00+00:00","dateModified":"2025-07-12T23:19:29+00:00","breadcrumb":{"@id":"https:\/\/gaudiumetspes-blog.pl\/index.php\/ksiega-intencji\/#breadcrumb"},"inLanguage":"pl-PL","potentialAction":[{"@type":"ReadAction","target":["https:\/\/gaudiumetspes-blog.pl\/index.php\/ksiega-intencji\/"]}]},{"@type":"BreadcrumbList","@id":"https:\/\/gaudiumetspes-blog.pl\/index.php\/ksiega-intencji\/#breadcrumb","itemListElement":[{"@type":"ListItem","position":1,"name":"Strona g\u0142\u00f3wna","item":"https:\/\/gaudiumetspes-blog.pl\/"},{"@type":"ListItem","position":2,"name":"Wielka Ksi\u0119ga Intencji"}]},{"@type":"WebSite","@id":"https:\/\/gaudiumetspes-blog.pl\/#website","url":"https:\/\/gaudiumetspes-blog.pl\/","name":"Gaudium Et Spes","description":"Blog Ks. Jacka Ja\u015bkowskiego","potentialAction":[{"@type":"SearchAction","target":{"@type":"EntryPoint","urlTemplate":"https:\/\/gaudiumetspes-blog.pl\/?s={search_term_string}"},"query-input":{"@type":"PropertyValueSpecification","valueRequired":true,"valueName":"search_term_string"}}],"inLanguage":"pl-PL"}]}},"jetpack_sharing_enabled":true,"_links":{"self":[{"href":"https:\/\/gaudiumetspes-blog.pl\/index.php\/wp-json\/wp\/v2\/pages\/2821","targetHints":{"allow":["GET"]}}],"collection":[{"href":"https:\/\/gaudiumetspes-blog.pl\/index.php\/wp-json\/wp\/v2\/pages"}],"about":[{"href":"https:\/\/gaudiumetspes-blog.pl\/index.php\/wp-json\/wp\/v2\/types\/page"}],"author":[{"embeddable":true,"href":"https:\/\/gaudiumetspes-blog.pl\/index.php\/wp-json\/wp\/v2\/users\/1"}],"replies":[{"embeddable":true,"href":"https:\/\/gaudiumetspes-blog.pl\/index.php\/wp-json\/wp\/v2\/comments?post=2821"}],"version-history":[{"count":17,"href":"https:\/\/gaudiumetspes-blog.pl\/index.php\/wp-json\/wp\/v2\/pages\/2821\/revisions"}],"predecessor-version":[{"id":23997,"href":"https:\/\/gaudiumetspes-blog.pl\/index.php\/wp-json\/wp\/v2\/pages\/2821\/revisions\/23997"}],"wp:attachment":[{"href":"https:\/\/gaudiumetspes-blog.pl\/index.php\/wp-json\/wp\/v2\/media?parent=2821"}],"curies":[{"name":"wp","href":"https:\/\/api.w.org\/{rel}","templated":true}]}}